{"id":2714,"date":"2025-08-23T15:43:39","date_gmt":"2025-08-23T13:43:39","guid":{"rendered":"https:\/\/haus-rosengarten-oesterreich.at\/wordpress\/?page_id=2714"},"modified":"2025-08-26T07:40:56","modified_gmt":"2025-08-26T05:40:56","slug":"impressum","status":"publish","type":"page","link":"https:\/\/haus-rosengarten-oesterreich.at\/Wordpress\/impressum\/","title":{"rendered":"Impressum"},"content":{"rendered":"\t\t<div data-elementor-type=\"wp-page\" data-elementor-id=\"2714\" class=\"elementor elementor-2714\">\n\t\t\t\t<div class=\"elementor-element elementor-element-dfec29a e-flex e-con-boxed e-con e-parent\" data-id=\"dfec29a\" data-element_type=\"container\" data-e-type=\"container\">\n\t\t\t\t\t<div class=\"e-con-inner\">\n\t\t\t\t\t<\/div>\n\t\t\t\t<\/div>\n\t\t<div class=\"elementor-element elementor-element-55b9544 e-con-full e-flex e-con e-parent\" data-id=\"55b9544\" data-element_type=\"container\" data-e-type=\"container\">\n\t\t\t\t<div class=\"elementor-element elementor-element-ab4fa3c elementor-widget elementor-widget-image\" data-id=\"ab4fa3c\" data-element_type=\"widget\" data-e-type=\"widget\" data-widget_type=\"image.default\">\n\t\t\t\t<div class=\"elementor-widget-container\">\n\t\t\t\t\t\t\t\t\t\t\t\t\t\t\t<img fetchpriority=\"high\" decoding=\"async\" width=\"1714\" height=\"772\" src=\"https:\/\/haus-rosengarten-oesterreich.at\/Wordpress\/wp-content\/uploads\/2025\/08\/VCOJ4738-3.jpg\" class=\"attachment-full size-full wp-image-2540\" alt=\"\" srcset=\"https:\/\/haus-rosengarten-oesterreich.at\/Wordpress\/wp-content\/uploads\/2025\/08\/VCOJ4738-3.jpg 1714w, https:\/\/haus-rosengarten-oesterreich.at\/Wordpress\/wp-content\/uploads\/2025\/08\/VCOJ4738-3-300x135.jpg 300w, https:\/\/haus-rosengarten-oesterreich.at\/Wordpress\/wp-content\/uploads\/2025\/08\/VCOJ4738-3-1024x461.jpg 1024w, https:\/\/haus-rosengarten-oesterreich.at\/Wordpress\/wp-content\/uploads\/2025\/08\/VCOJ4738-3-768x346.jpg 768w, https:\/\/haus-rosengarten-oesterreich.at\/Wordpress\/wp-content\/uploads\/2025\/08\/VCOJ4738-3-1536x692.jpg 1536w\" sizes=\"(max-width: 1714px) 100vw, 1714px\" \/>\t\t\t\t\t\t\t\t\t\t\t\t\t\t\t<\/div>\n\t\t\t\t<\/div>\n\t\t\t\t<\/div>\n\t\t<div class=\"elementor-element elementor-element-532c758 e-flex e-con-boxed e-con e-parent\" data-id=\"532c758\" data-element_type=\"container\" data-e-type=\"container\">\n\t\t\t\t\t<div class=\"e-con-inner\">\n\t\t\t\t<div class=\"elementor-element elementor-element-430f2ba elementor-widget elementor-widget-heading\" data-id=\"430f2ba\" data-element_type=\"widget\" data-e-type=\"widget\" data-widget_type=\"heading.default\">\n\t\t\t\t<div class=\"elementor-widget-container\">\n\t\t\t\t\t<h2 class=\"elementor-heading-title elementor-size-default\">Impressum<\/h2>\t\t\t\t<\/div>\n\t\t\t\t<\/div>\n\t\t\t\t\t<\/div>\n\t\t\t\t<\/div>\n\t\t<div class=\"elementor-element elementor-element-e047552 e-flex e-con-boxed e-con e-parent\" data-id=\"e047552\" data-element_type=\"container\" data-e-type=\"container\">\n\t\t\t\t\t<div class=\"e-con-inner\">\n\t\t\t\t<div class=\"elementor-element elementor-element-1a9945c elementor-widget elementor-widget-text-editor\" data-id=\"1a9945c\" data-element_type=\"widget\" data-e-type=\"widget\" data-widget_type=\"text-editor.default\">\n\t\t\t\t<div class=\"elementor-widget-container\">\n\t\t\t\t\t\t\t\t\t<h5><b>Haus Rosengarten<br \/><\/b><span style=\"font-size: 16px; font-style: inherit; font-weight: inherit; color: #603b00; font-family: 'Work Sans', sans-serif;\">Krammer Gotthard<br \/><\/span><span style=\"font-size: 16px; font-style: inherit; font-weight: inherit; color: #603b00; font-family: 'Work Sans', sans-serif;\">Marktstra\u00dfe 181<br \/><\/span><span style=\"font-size: 16px; font-style: inherit; font-weight: inherit; color: #603b00; font-family: 'Work Sans', sans-serif;\">5741 Neukirchen<br \/><\/span><span style=\"font-size: 16px; font-style: inherit; font-weight: inherit; color: #603b00; font-family: 'Work Sans', sans-serif;\">\u00d6sterreich<\/span><\/h5><p>Tel.: +43 6565 6151<br \/><span style=\"font-style: inherit; font-weight: inherit;\">E-Mail: haus.rosengarten@sbg.at<\/span><\/p><p><strong style=\"font-style: inherit;\">Haftungsausschlu\u00df:<br \/><\/strong>Wir haben keine der Seiten, die zu unseren Internetseiten linken \u00fcberpr\u00fcft und sind nicht verantwortlich f\u00fcr Inhalte fremder Seiten, die zu unseren Internetseiten linken oder zu denen wir einen Link eingerichtet haben. Auch f\u00fcr diese Seiten sind wir in keiner Weise verantwortlich. Zus\u00e4tzlich bedeutet ein Link (Hyperlink) oder andere Verbindungen von unseren Internetseiten zu einer fremden Internetseite nicht, dass wir irgendeine Verantwortung f\u00fcr den Inhalt oder die Benutzung dieser Seite tragen. Es ist in der Verantwortung des Anwenders sicherzustellen, dass jeder gew\u00e4hlte Inhalt frei von Viren oder \u00c4hnlichem ist.<strong style=\"font-style: inherit;\"><br \/><\/strong><\/p><p><strong>Salzburger N\u00e4chtigungsabgagegesetz:<\/strong><br \/><a><span style=\"color: black; mso-themecolor: text1;\">Reg. Nr. 50614-001181-2020\u00a0<\/span><\/a><\/p><p><a><span style=\"color: black; mso-themecolor: text1;\">Unsere Webseite verwedent Google Analytics<\/span><\/a><\/p><p><strong style=\"font-style: inherit;\">Fotos: <\/strong>Eigene Fotos und TVB<\/p>\t\t\t\t\t\t\t\t<\/div>\n\t\t\t\t<\/div>\n\t\t\t\t\t<\/div>\n\t\t\t\t<\/div>\n\t\t<div class=\"elementor-element elementor-element-5e38c6e e-flex e-con-boxed e-con e-parent\" data-id=\"5e38c6e\" data-element_type=\"container\" data-e-type=\"container\">\n\t\t\t\t\t<div class=\"e-con-inner\">\n\t\t\t\t\t<\/div>\n\t\t\t\t<\/div>\n\t\t\t\t<\/div>\n\t\t","protected":false},"excerpt":{"rendered":"<p>Impressum Haus RosengartenKrammer GotthardMarktstra\u00dfe 1815741 Neukirchen\u00d6sterreich Tel.: +43 6565 6151E-Mail: haus.rosengarten@sbg.at Haftungsausschlu\u00df:Wir haben keine der Seiten, die zu unseren Internetseiten linken \u00fcberpr\u00fcft und sind nicht verantwortlich f\u00fcr Inhalte fremder Seiten, die zu unseren Internetseiten linken oder zu denen wir einen Link eingerichtet haben. Auch f\u00fcr diese Seiten sind wir in keiner Weise verantwortlich. Zus\u00e4tzlich bedeutet [&hellip;]<\/p>\n","protected":false},"author":1,"featured_media":0,"parent":0,"menu_order":0,"comment_status":"closed","ping_status":"closed","template":"","meta":{"site-sidebar-layout":"no-sidebar","site-content-layout":"page-builder","ast-site-content-layout":"full-width-container","site-content-style":"default","site-sidebar-style":"default","ast-global-header-display":"","ast-banner-title-visibility":"","ast-main-header-display":"","ast-hfb-above-header-display":"","ast-hfb-below-header-display":"","ast-hfb-mobile-header-display":"","site-post-title":"","ast-breadcrumbs-content":"","ast-featured-img":"disabled","footer-sml-layout":"","ast-disable-related-posts":"","theme-transparent-header-meta":"","adv-header-id-meta":"","stick-header-meta":"","header-above-stick-meta":"","header-main-stick-meta":"","header-below-stick-meta":"","astra-migrate-meta-layouts":"set","ast-page-background-enabled":"default","ast-page-background-meta":{"desktop":{"background-color":"","background-image":"","background-repeat":"repeat","background-position":"center center","background-size":"auto","background-attachment":"scroll","background-type":"","background-media":"","overlay-type":"","overlay-color":"","overlay-opacity":"","overlay-gradient":""},"tablet":{"background-color":"","background-image":"","background-repeat":"repeat","background-position":"center center","background-size":"auto","background-attachment":"scroll","background-type":"","background-media":"","overlay-type":"","overlay-color":"","overlay-opacity":"","overlay-gradient":""},"mobile":{"background-color":"","background-image":"","background-repeat":"repeat","background-position":"center center","background-size":"auto","background-attachment":"scroll","background-type":"","background-media":"","overlay-type":"","overlay-color":"","overlay-opacity":"","overlay-gradient":""}},"ast-content-background-meta":{"desktop":{"background-color":"var(--ast-global-color-5)","background-image":"","background-repeat":"repeat","background-position":"center center","background-size":"auto","background-attachment":"scroll","background-type":"","background-media":"","overlay-type":"","overlay-color":"","overlay-opacity":"","overlay-gradient":""},"tablet":{"background-color":"var(--ast-global-color-5)","background-image":"","background-repeat":"repeat","background-position":"center center","background-size":"auto","background-attachment":"scroll","background-type":"","background-media":"","overlay-type":"","overlay-color":"","overlay-opacity":"","overlay-gradient":""},"mobile":{"background-color":"var(--ast-global-color-5)","background-image":"","background-repeat":"repeat","background-position":"center center","background-size":"auto","background-attachment":"scroll","background-type":"","background-media":"","overlay-type":"","overlay-color":"","overlay-opacity":"","overlay-gradient":""}},"footnotes":""},"class_list":["post-2714","page","type-page","status-publish","hentry"],"_links":{"self":[{"href":"https:\/\/haus-rosengarten-oesterreich.at\/Wordpress\/wp-json\/wp\/v2\/pages\/2714","targetHints":{"allow":["GET"]}}],"collection":[{"href":"https:\/\/haus-rosengarten-oesterreich.at\/Wordpress\/wp-json\/wp\/v2\/pages"}],"about":[{"href":"https:\/\/haus-rosengarten-oesterreich.at\/Wordpress\/wp-json\/wp\/v2\/types\/page"}],"author":[{"embeddable":true,"href":"https:\/\/haus-rosengarten-oesterreich.at\/Wordpress\/wp-json\/wp\/v2\/users\/1"}],"replies":[{"embeddable":true,"href":"https:\/\/haus-rosengarten-oesterreich.at\/Wordpress\/wp-json\/wp\/v2\/comments?post=2714"}],"version-history":[{"count":45,"href":"https:\/\/haus-rosengarten-oesterreich.at\/Wordpress\/wp-json\/wp\/v2\/pages\/2714\/revisions"}],"predecessor-version":[{"id":2767,"href":"https:\/\/haus-rosengarten-oesterreich.at\/Wordpress\/wp-json\/wp\/v2\/pages\/2714\/revisions\/2767"}],"wp:attachment":[{"href":"https:\/\/haus-rosengarten-oesterreich.at\/Wordpress\/wp-json\/wp\/v2\/media?parent=2714"}],"curies":[{"name":"wp","href":"https:\/\/api.w.org\/{rel}","templated":true}]}}