{"id":395,"date":"2025-07-21T16:15:49","date_gmt":"2025-07-21T14:15:49","guid":{"rendered":"https:\/\/haus-rosengarten-oesterreich.at\/wordpress\/home\/"},"modified":"2026-04-14T10:05:49","modified_gmt":"2026-04-14T08:05:49","slug":"home","status":"publish","type":"page","link":"https:\/\/haus-rosengarten-oesterreich.at\/Wordpress\/","title":{"rendered":"Home"},"content":{"rendered":"\t\t<div data-elementor-type=\"wp-page\" data-elementor-id=\"395\" class=\"elementor elementor-395\">\n\t\t\t\t<div class=\"elementor-element elementor-element-b85ac9e e-flex e-con-boxed e-con e-parent\" data-id=\"b85ac9e\" data-element_type=\"container\" data-e-type=\"container\" data-settings=\"{&quot;background_background&quot;:&quot;classic&quot;}\">\n\t\t\t\t\t<div class=\"e-con-inner\">\n\t\t\t\t\t<\/div>\n\t\t\t\t<\/div>\n\t\t<div class=\"elementor-element elementor-element-35dd00e e-flex e-con-boxed e-con e-parent\" data-id=\"35dd00e\" data-element_type=\"container\" data-e-type=\"container\">\n\t\t\t\t\t<div class=\"e-con-inner\">\n\t\t<div class=\"elementor-element elementor-element-a4a2ae8 e-con-full e-flex e-con e-child\" data-id=\"a4a2ae8\" data-element_type=\"container\" data-e-type=\"container\">\n\t\t<div class=\"elementor-element elementor-element-0f52807 e-con-full e-flex e-con e-child\" data-id=\"0f52807\" data-element_type=\"container\" data-e-type=\"container\">\n\t\t\t\t<div class=\"elementor-element elementor-element-8f715ee elementor-widget elementor-widget-heading\" data-id=\"8f715ee\" data-element_type=\"widget\" data-e-type=\"widget\" data-widget_type=\"heading.default\">\n\t\t\t\t<div class=\"elementor-widget-container\">\n\t\t\t\t\t<h1 class=\"elementor-heading-title elementor-size-default\">Haus Rosengarten im Salzburger Land<\/h1>\t\t\t\t<\/div>\n\t\t\t\t<\/div>\n\t\t\t\t<div class=\"elementor-element elementor-element-a2c6da9 elementor-widget elementor-widget-text-editor\" data-id=\"a2c6da9\" data-element_type=\"widget\" data-e-type=\"widget\" data-widget_type=\"text-editor.default\">\n\t\t\t\t<div class=\"elementor-widget-container\">\n\t\t\t\t\t\t\t\t\t<p><span style=\"font-style: inherit; font-weight: inherit;\">Herzlich willkommen im Haus Rosengarten &#8211; Ihrem Ort f\u00fcr einen erholsamen Urlaub<\/span><\/p><p><span style=\"font-size: 16px; font-style: inherit; color: #603b00; font-family: 'Work Sans', sans-serif;\">M\u00f6chten sie Im Sommer Wandern, Biken, Schwimmen, die umliegende Berge erklimmen, &#8230;.?<br \/>oder doch lieber im Winter die Pisten st\u00fcrmen, Rodeln, Schneeschuhwanden, &#8230;.. ?<\/span><\/p><p><strong><span style=\"font-size: 16px; font-style: inherit; color: #603b00; font-family: 'Work Sans', sans-serif;\">Dank unserer zentralen Lage haben sie alles in ihrer N\u00e4he.<\/span><\/strong><\/p><p><span style=\"font-style: inherit; font-weight: inherit;\">Ob zu Fu\u00df, mit dem Rad oder einem der T\u00e4ler-Taxis k\u00f6nnen sie die herrliche Gegend im Nationalpark erkunden.<br \/><\/span><span style=\"font-style: inherit; font-weight: inherit;\">Ein <strong>absperrbarer Radkeller\u00a0<\/strong>mit <strong>Ladem\u00f6glichkeit<\/strong>\u00a0sowie ein <strong>Trockenraum<\/strong> ist vorhanden.<\/span><\/p><p>Nebenan befinden sich auch ein <strong>Minigolf<\/strong> und ein <strong>Merzweckplatz<\/strong>.<\/p><p><span style=\"font-style: inherit; font-weight: inherit;\">G\u00f6nnen sie sich einen Urlaub vom Auto das auf dem\u00a0<\/span><strong style=\"font-style: inherit;\">Parkplatz hinterm Haus <\/strong>platz findet<span style=\"font-style: inherit; font-weight: inherit;\">.\u00a0<\/span><\/p><p>\u00a0<strong>F\u00fcr alle Wintersportler ideal<\/strong><br \/>Zu den <strong>Bergbahnen der Wildkogel Arena<\/strong> ist es nicht weit oder sie fahren ganz entspannt mit <strong>dem E-Leiner<\/strong> zu den Liften.<br \/>Die Talabfahrt endet in 100m Entfernung und so kommen sie mit den Skiern fast bis zur Haust\u00fcr.<br \/>\u00a0Nebenan befinden sich auch ein Eislaufplatz und ein \u00dcbungslift.<br \/>Auch ihre Ski sind im <strong>Ski-Keller mit Schuhtrockner<\/strong> und Trockenraum gut untergebracht.\u00a0<\/p><p><strong>Somit ist Sommer wie Winter ein entspannter und abwechslungsreicher Urlaub garantiert.<\/strong><\/p>\t\t\t\t\t\t\t\t<\/div>\n\t\t\t\t<\/div>\n\t\t\t\t<\/div>\n\t\t\t\t<div class=\"elementor-element elementor-element-82d9014 elementor-widget__width-initial elementor-position-top elementor-widget elementor-widget-image-box\" data-id=\"82d9014\" data-element_type=\"widget\" data-e-type=\"widget\" data-widget_type=\"image-box.default\">\n\t\t\t\t<div class=\"elementor-widget-container\">\n\t\t\t\t\t<div class=\"elementor-image-box-wrapper\"><figure class=\"elementor-image-box-img\"><img decoding=\"async\" width=\"238\" height=\"196\" src=\"https:\/\/haus-rosengarten-oesterreich.at\/Wordpress\/wp-content\/uploads\/2025\/08\/Ladestation.png\" class=\"attachment-full size-full wp-image-2018\" alt=\"\" \/><\/figure><\/div>\t\t\t\t<\/div>\n\t\t\t\t<\/div>\n\t\t\t\t<\/div>\n\t\t\t\t\t<\/div>\n\t\t\t\t<\/div>\n\t\t<div class=\"elementor-element elementor-element-1521aa3 e-flex e-con-boxed e-con e-parent\" data-id=\"1521aa3\" data-element_type=\"container\" data-e-type=\"container\">\n\t\t\t\t\t<div class=\"e-con-inner\">\n\t\t<div class=\"elementor-element elementor-element-c55dc3f e-con-full e-flex e-con e-child\" data-id=\"c55dc3f\" data-element_type=\"container\" data-e-type=\"container\">\n\t\t\t\t<div class=\"elementor-element elementor-element-ae891b1 elementor-widget elementor-widget-image\" data-id=\"ae891b1\" data-element_type=\"widget\" data-e-type=\"widget\" data-widget_type=\"image.default\">\n\t\t\t\t<div class=\"elementor-widget-container\">\n\t\t\t\t\t\t\t\t\t\t\t\t\t\t\t\t<a href=\"https:\/\/www.nationalpark-sommercard.at\/de\" target=\"_blank\">\n\t\t\t\t\t\t\t<img decoding=\"async\" width=\"238\" height=\"196\" src=\"https:\/\/haus-rosengarten-oesterreich.at\/Wordpress\/wp-content\/uploads\/2025\/09\/Nationalpark-Sommercard.png\" class=\"attachment-large size-large wp-image-2907\" alt=\"\" \/>\t\t\t\t\t\t\t\t<\/a>\n\t\t\t\t\t\t\t\t\t\t\t\t\t\t\t<\/div>\n\t\t\t\t<\/div>\n\t\t\t\t<\/div>\n\t\t<div class=\"elementor-element elementor-element-7dd91d5 e-con-full e-flex e-con e-child\" data-id=\"7dd91d5\" data-element_type=\"container\" data-e-type=\"container\">\n\t\t<div class=\"elementor-element elementor-element-067264d e-con-full e-flex e-con e-child\" data-id=\"067264d\" data-element_type=\"container\" data-e-type=\"container\">\n\t\t\t\t<div class=\"elementor-element elementor-element-757e7db elementor-widget elementor-widget-text-editor\" data-id=\"757e7db\" data-element_type=\"widget\" data-e-type=\"widget\" data-widget_type=\"text-editor.default\">\n\t\t\t\t<div class=\"elementor-widget-container\">\n\t\t\t\t\t\t\t\t\t<p>Mit der <strong>Nationalpark Sommercard Mobil<\/strong> k\u00f6nnen sie so richtig sparen.<\/p><p><strong>Vom Mai bis Oktober<\/strong> <strong>erwarten sie \u00fcber 60 Attraktionen:<\/strong><\/p><p>Einige ihrer Gratis-Vorteile:<br \/>Mit der Gondelbahn in die Wildkogelarena.<br \/>Mit Bus oder Bahn im ganzen Bundesland Salzburg unterwegs.<br \/>Mautfrei die Gro\u00dfglockner Hochalpenstra\u00dfe befahren,<br \/>Mautfrei \u00fcber den Gerlospa\u00df.<br \/>Nationalpark Museum.<br \/>Zahlreiche B\u00e4der und Badeseen.<br \/>Und vieles mehr&#8230;&#8230;&#8230;&#8230;<\/p>\t\t\t\t\t\t\t\t<\/div>\n\t\t\t\t<\/div>\n\t\t\t\t<\/div>\n\t\t\t\t<\/div>\n\t\t\t\t\t<\/div>\n\t\t\t\t<\/div>\n\t\t<div class=\"elementor-element elementor-element-033b940 e-flex e-con-boxed e-con e-parent\" data-id=\"033b940\" data-element_type=\"container\" data-e-type=\"container\">\n\t\t\t\t\t<div class=\"e-con-inner\">\n\t\t\t\t<div class=\"elementor-element elementor-element-eef1082 elementor-widget elementor-widget-text-editor\" data-id=\"eef1082\" data-element_type=\"widget\" data-e-type=\"widget\" data-widget_type=\"text-editor.default\">\n\t\t\t\t<div class=\"elementor-widget-container\">\n\t\t\t\t\t\t\t\t\t<p><br \/><strong>Sommer oder Winter.<\/strong><br \/>Jede Jahreszeit hat ihren Reiz.<br \/><br \/><\/p>\t\t\t\t\t\t\t\t<\/div>\n\t\t\t\t<\/div>\n\t\t\t\t\t<\/div>\n\t\t\t\t<\/div>\n\t\t<div class=\"elementor-element elementor-element-4177ea5 e-flex e-con-boxed e-con e-parent\" data-id=\"4177ea5\" data-element_type=\"container\" data-e-type=\"container\">\n\t\t\t\t\t<div class=\"e-con-inner\">\n\t\t<div class=\"elementor-element elementor-element-f329ca3 e-con-full e-flex e-con e-child\" data-id=\"f329ca3\" data-element_type=\"container\" data-e-type=\"container\">\n\t\t\t\t<div class=\"elementor-element elementor-element-106bd21 elementor-widget elementor-widget-video\" data-id=\"106bd21\" data-element_type=\"widget\" data-e-type=\"widget\" data-settings=\"{&quot;video_type&quot;:&quot;hosted&quot;,&quot;autoplay&quot;:&quot;yes&quot;,&quot;controls&quot;:&quot;yes&quot;}\" data-widget_type=\"video.default\">\n\t\t\t\t<div class=\"elementor-widget-container\">\n\t\t\t\t\t\t\t<div class=\"e-hosted-video elementor-wrapper elementor-open-inline\">\n\t\t\t\t\t<video class=\"elementor-video\" src=\"https:\/\/haus-rosengarten-oesterreich.at\/Wordpress\/wp-content\/uploads\/2025\/08\/Film_Sommer.mp4\" autoplay=\"\" controls=\"\" controlsList=\"nodownload\"><\/video>\n\t\t\t\t<\/div>\n\t\t\t\t\t\t<\/div>\n\t\t\t\t<\/div>\n\t\t\t\t<\/div>\n\t\t<div class=\"elementor-element elementor-element-c0fed6e e-con-full e-flex e-con e-child\" data-id=\"c0fed6e\" data-element_type=\"container\" data-e-type=\"container\">\n\t\t\t\t<div class=\"elementor-element elementor-element-11bbe85 elementor-widget elementor-widget-video\" data-id=\"11bbe85\" data-element_type=\"widget\" data-e-type=\"widget\" data-settings=\"{&quot;video_type&quot;:&quot;hosted&quot;,&quot;autoplay&quot;:&quot;yes&quot;,&quot;controls&quot;:&quot;yes&quot;}\" data-widget_type=\"video.default\">\n\t\t\t\t<div class=\"elementor-widget-container\">\n\t\t\t\t\t\t\t<div class=\"e-hosted-video elementor-wrapper elementor-open-inline\">\n\t\t\t\t\t<video class=\"elementor-video\" src=\"https:\/\/haus-rosengarten-oesterreich.at\/Wordpress\/wp-content\/uploads\/2025\/08\/Film_Winter_neu.mp4\" autoplay=\"\" controls=\"\" controlsList=\"nodownload\"><\/video>\n\t\t\t\t<\/div>\n\t\t\t\t\t\t<\/div>\n\t\t\t\t<\/div>\n\t\t\t\t<\/div>\n\t\t\t\t\t<\/div>\n\t\t\t\t<\/div>\n\t\t\t\t<\/div>\n\t\t","protected":false},"excerpt":{"rendered":"<p>Haus Rosengarten im Salzburger Land Herzlich willkommen im Haus Rosengarten &#8211; Ihrem Ort f\u00fcr einen erholsamen Urlaub M\u00f6chten sie Im Sommer Wandern, Biken, Schwimmen, die umliegende Berge erklimmen, &#8230;.?oder doch lieber im Winter die Pisten st\u00fcrmen, Rodeln, Schneeschuhwanden, &#8230;.. ? Dank unserer zentralen Lage haben sie alles in ihrer N\u00e4he. Ob zu Fu\u00df, mit dem [&hellip;]<\/p>\n","protected":false},"author":1,"featured_media":0,"parent":0,"menu_order":0,"comment_status":"closed","ping_status":"closed","template":"","meta":{"site-sidebar-layout":"no-sidebar","site-content-layout":"page-builder","ast-site-content-layout":"full-width-container","site-content-style":"unboxed","site-sidebar-style":"unboxed","ast-global-header-display":"","ast-banner-title-visibility":"","ast-main-header-display":"","ast-hfb-above-header-display":"","ast-hfb-below-header-display":"","ast-hfb-mobile-header-display":"","site-post-title":"disabled","ast-breadcrumbs-content":"","ast-featured-img":"disabled","footer-sml-layout":"","ast-disable-related-posts":"","theme-transparent-header-meta":"disabled","adv-header-id-meta":"","stick-header-meta":"","header-above-stick-meta":"","header-main-stick-meta":"","header-below-stick-meta":"","astra-migrate-meta-layouts":"set","ast-page-background-enabled":"default","ast-page-background-meta":{"desktop":{"background-color":"","background-image":"","background-repeat":"repeat","background-position":"center center","background-size":"auto","background-attachment":"scroll","background-type":"","background-media":"","overlay-type":"","overlay-color":"","overlay-opacity":"","overlay-gradient":""},"tablet":{"background-color":"","background-image":"","background-repeat":"repeat","background-position":"center center","background-size":"auto","background-attachment":"scroll","background-type":"","background-media":"","overlay-type":"","overlay-color":"","overlay-opacity":"","overlay-gradient":""},"mobile":{"background-color":"","background-image":"","background-repeat":"repeat","background-position":"center center","background-size":"auto","background-attachment":"scroll","background-type":"","background-media":"","overlay-type":"","overlay-color":"","overlay-opacity":"","overlay-gradient":""}},"ast-content-background-meta":{"desktop":{"background-color":"var(--ast-global-color-5)","background-image":"","background-repeat":"repeat","background-position":"center center","background-size":"auto","background-attachment":"scroll","background-type":"","background-media":"","overlay-type":"","overlay-color":"","overlay-opacity":"","overlay-gradient":""},"tablet":{"background-color":"var(--ast-global-color-5)","background-image":"","background-repeat":"repeat","background-position":"center center","background-size":"auto","background-attachment":"scroll","background-type":"","background-media":"","overlay-type":"","overlay-color":"","overlay-opacity":"","overlay-gradient":""},"mobile":{"background-color":"var(--ast-global-color-5)","background-image":"","background-repeat":"repeat","background-position":"center center","background-size":"auto","background-attachment":"scroll","background-type":"","background-media":"","overlay-type":"","overlay-color":"","overlay-opacity":"","overlay-gradient":""}},"footnotes":""},"class_list":["post-395","page","type-page","status-publish","hentry"],"_links":{"self":[{"href":"https:\/\/haus-rosengarten-oesterreich.at\/Wordpress\/wp-json\/wp\/v2\/pages\/395","targetHints":{"allow":["GET"]}}],"collection":[{"href":"https:\/\/haus-rosengarten-oesterreich.at\/Wordpress\/wp-json\/wp\/v2\/pages"}],"about":[{"href":"https:\/\/haus-rosengarten-oesterreich.at\/Wordpress\/wp-json\/wp\/v2\/types\/page"}],"author":[{"embeddable":true,"href":"https:\/\/haus-rosengarten-oesterreich.at\/Wordpress\/wp-json\/wp\/v2\/users\/1"}],"replies":[{"embeddable":true,"href":"https:\/\/haus-rosengarten-oesterreich.at\/Wordpress\/wp-json\/wp\/v2\/comments?post=395"}],"version-history":[{"count":553,"href":"https:\/\/haus-rosengarten-oesterreich.at\/Wordpress\/wp-json\/wp\/v2\/pages\/395\/revisions"}],"predecessor-version":[{"id":3473,"href":"https:\/\/haus-rosengarten-oesterreich.at\/Wordpress\/wp-json\/wp\/v2\/pages\/395\/revisions\/3473"}],"wp:attachment":[{"href":"https:\/\/haus-rosengarten-oesterreich.at\/Wordpress\/wp-json\/wp\/v2\/media?parent=395"}],"curies":[{"name":"wp","href":"https:\/\/api.w.org\/{rel}","templated":true}]}}